{"id":25990714,"date":"2024-09-18T13:33:54","date_gmt":"2024-09-18T13:33:54","guid":{"rendered":"https:\/\/in2trade.net\/etkinlikler\/"},"modified":"2024-10-18T15:36:20","modified_gmt":"2024-10-18T15:36:20","slug":"etkinlikler","status":"publish","type":"page","link":"https:\/\/in2trade.net\/tr\/etkinlikler\/","title":{"rendered":"Etkinlikler"},"content":{"rendered":"<p>[et_pb_section fb_built=&#8221;1&#8243; _builder_version=&#8221;4.27.0&#8243; _module_preset=&#8221;default&#8221; global_colors_info=&#8221;{}&#8221;][et_pb_row _builder_version=&#8221;4.27.0&#8243; _module_preset=&#8221;default&#8221; width_tablet=&#8221;90%&#8221; width_phone=&#8221;90%&#8221; width_last_edited=&#8221;on|tablet&#8221; max_width=&#8221;1280px&#8221; custom_padding=&#8221;70px|0px|0px|0px|false|false&#8221; locked=&#8221;off&#8221; global_colors_info=&#8221;{}&#8221;][et_pb_column type=&#8221;4_4&#8243; _builder_version=&#8221;4.16&#8243; _module_preset=&#8221;default&#8221; global_colors_info=&#8221;{}&#8221;][et_pb_heading title=&#8221;In2TRADE ETK\u0130NL\u0130KLER\u0130&#8221; _builder_version=&#8221;4.27.0&#8243; _module_preset=&#8221;c33f07d9-41e0-421a-8799-5799df695cce&#8221; title_level=&#8221;h2&#8243; title_font=&#8221;Poppins|Poppins_weight|||||||&#8221; title_text_align=&#8221;center&#8221; title_text_color=&#8221;gcid-heading-color&#8221; title_font_size=&#8221;50px&#8221; title_line_height=&#8221;1.2em&#8221; custom_margin=&#8221;||10px||false|false&#8221; title_font_size_tablet=&#8221;28px&#8221; title_font_size_phone=&#8221;20px&#8221; title_font_size_last_edited=&#8221;on|phone&#8221; locked=&#8221;off&#8221; global_colors_info=&#8221;{}&#8221;][\/et_pb_heading][\/et_pb_column][\/et_pb_row][et_pb_row _builder_version=&#8221;4.27.0&#8243; _module_preset=&#8221;default&#8221; width=&#8221;90%&#8221; max_width=&#8221;1920px&#8221; global_colors_info=&#8221;{}&#8221;][et_pb_column type=&#8221;4_4&#8243; _builder_version=&#8221;4.27.0&#8243; _module_preset=&#8221;default&#8221; global_colors_info=&#8221;{}&#8221;][dipi_masonry_gallery gallery_ids=&#8221;25989750,25989751,25989752,25989753,25989754,25989755,25989756,25989757,25989758,25989759,25989760,25989761,25989762,25989763,25989766,25989767,25989768&#8243; caption_in_lightbox=&#8221;on&#8221; use_overlay=&#8221;on&#8221; hover_icon=&#8221;&#x55;||divi||400&#8243; caption_in_overlay=&#8221;on&#8221; overlay_bg_color=&#8221;rgba(21,2,42,0)&#8221; overlay_icon_color=&#8221;#FFFFFF&#8221; grid_animation=&#8221;fadeIn&#8221; _builder_version=&#8221;4.27.0&#8243; _module_preset=&#8221;default&#8221; header_font=&#8221;|600|||||||&#8221; caption_font=&#8221;|600|||||||&#8221; caption_text_color=&#8221;#FFFFFF&#8221; hover_enabled=&#8221;0&#8243; global_colors_info=&#8221;{}&#8221; overlay_bg_color__hover_enabled=&#8221;on|hover&#8221; overlay_bg_color__hover=&#8221;rgba(21,2,42,0.5)&#8221; overlay_bg_enable_color__hover=&#8221;on&#8221; sticky_enabled=&#8221;0&#8243;][\/dipi_masonry_gallery][\/et_pb_column][\/et_pb_row][\/et_pb_section]<\/p>\n","protected":false},"excerpt":{"rendered":"<div class=\"et_pb_module dipi_masonry_gallery dipi_masonry_gallery_0\">\n\t\t\t\t\n\t\t\t\t\n\t\t\t\t\n\t\t\t\t\n\t\t\t\t\n\t\t\t\t\n\t\t\t\t<div class=\"et_pb_module_inner\">\n\t\t\t\t\t<div class=\"dipi_masonry_gallery_wrapper\" data-config=\"{&quot;infinite_scroll_viewport&quot;:&quot;25%&quot;}\">\n                \n            <div\n                class=\"dipi_masonry_gallery_container animated fadeIn\"\n                \n                data-count=\"17\"\n                data-anim=\"fadeIn\"\n            >\n                <div class=\"grid show_lightbox show_lightbox_tablet show_lightbox_phone show_overlay \" data-lazy=\"false\" >\n                    <div class=\"grid-sizer\"><\/div><div class=\"gutter-sizer\"><\/div><div class=\"grid-item et_pb_gallery_image \">\n                       \n                        <div class=\"img-container dipi-mg-animation dipi-mg-none\" href=\"https:\/\/in2trade.net\/wp-content\/uploads\/2024\/09\/6sapkali-dusunme-teknigi.jpeg\" data-caption='Six Thinking Hats Technique Training'>\n                            <img decoding=\"async\" src=\"https:\/\/in2trade.net\/wp-content\/uploads\/2024\/09\/6sapkali-dusunme-teknigi.jpeg\"\n                                alt=\"\"\n                                loading=\"lazy\"\n                            \/>\n                            <span class=\"dipi_masonry_gallery_overlay background\"><\/span>\n                <span class=\"dipi_masonry_gallery_overlay background-hover\"><\/span>\n                <span class=\"dipi_masonry_gallery_overlay content\" style=\"transition-duration: 0ms;\">\n                    <div class=\"et-pb-icon  et_pb_inline_icon dipi-mansonry-gallery-icon animated fadeInUp\" data-icon=\"&#x55;\"><\/div>\n                    \n                    <div class=\"dipi-mansonry-gallery-caption animated fadeInUp\">\n                        Six Thinking Hats Technique Training\n                    <\/div>\n                <\/span>\n                        <\/div>\n                    \n                <\/div><div class=\"grid-item et_pb_gallery_image \">\n                       \n                        <div class=\"img-container dipi-mg-animation dipi-mg-none\" href=\"https:\/\/in2trade.net\/wp-content\/uploads\/2024\/09\/Antrepo-Ziyareti.jpg\" data-caption='Warehouse Visit'>\n                            <img decoding=\"async\" src=\"https:\/\/in2trade.net\/wp-content\/uploads\/2024\/09\/Antrepo-Ziyareti.jpg\"\n                                alt=\"\"\n                                loading=\"lazy\"\n                            \/>\n                            <span class=\"dipi_masonry_gallery_overlay background\"><\/span>\n                <span class=\"dipi_masonry_gallery_overlay background-hover\"><\/span>\n                <span class=\"dipi_masonry_gallery_overlay content\" style=\"transition-duration: 0ms;\">\n                    <div class=\"et-pb-icon  et_pb_inline_icon dipi-mansonry-gallery-icon animated fadeInUp\" data-icon=\"&#x55;\"><\/div>\n                    \n                    <div class=\"dipi-mansonry-gallery-caption animated fadeInUp\">\n                        Warehouse Visit\n                    <\/div>\n                <\/span>\n                        <\/div>\n                    \n                <\/div><div class=\"grid-item et_pb_gallery_image \">\n                       \n                        <div class=\"img-container dipi-mg-animation dipi-mg-none\" href=\"https:\/\/in2trade.net\/wp-content\/uploads\/2024\/09\/Antrepo.jpg\" data-caption='Warehouse Visit'>\n                            <img decoding=\"async\" src=\"https:\/\/in2trade.net\/wp-content\/uploads\/2024\/09\/Antrepo.jpg\"\n                                alt=\"\"\n                                loading=\"lazy\"\n                            \/>\n                            <span class=\"dipi_masonry_gallery_overlay background\"><\/span>\n                <span class=\"dipi_masonry_gallery_overlay background-hover\"><\/span>\n                <span class=\"dipi_masonry_gallery_overlay content\" style=\"transition-duration: 0ms;\">\n                    <div class=\"et-pb-icon  et_pb_inline_icon dipi-mansonry-gallery-icon animated fadeInUp\" data-icon=\"&#x55;\"><\/div>\n                    \n                    <div class=\"dipi-mansonry-gallery-caption animated fadeInUp\">\n                        Warehouse Visit\n                    <\/div>\n                <\/span>\n                        <\/div>\n                    \n                <\/div><div class=\"grid-item et_pb_gallery_image \">\n                       \n                        <div class=\"img-container dipi-mg-animation dipi-mg-none\" href=\"https:\/\/in2trade.net\/wp-content\/uploads\/2024\/09\/Christmas.jpeg\" data-caption='New Year&#039;s Celebration at In2Trade'>\n                            <img decoding=\"async\" src=\"https:\/\/in2trade.net\/wp-content\/uploads\/2024\/09\/Christmas.jpeg\"\n                                alt=\"\"\n                                loading=\"lazy\"\n                            \/>\n                            <span class=\"dipi_masonry_gallery_overlay background\"><\/span>\n                <span class=\"dipi_masonry_gallery_overlay background-hover\"><\/span>\n                <span class=\"dipi_masonry_gallery_overlay content\" style=\"transition-duration: 0ms;\">\n                    <div class=\"et-pb-icon  et_pb_inline_icon dipi-mansonry-gallery-icon animated fadeInUp\" data-icon=\"&#x55;\"><\/div>\n                    \n                    <div class=\"dipi-mansonry-gallery-caption animated fadeInUp\">\n                        New Year's Celebration at In2Trade\n                    <\/div>\n                <\/span>\n                        <\/div>\n                    \n                <\/div><div class=\"grid-item et_pb_gallery_image \">\n                       \n                        <div class=\"img-container dipi-mg-animation dipi-mg-none\" href=\"https:\/\/in2trade.net\/wp-content\/uploads\/2024\/09\/Cultural-and-Natural-Richness.jpeg\" data-caption='Cultural and Natural Richness'>\n                            <img decoding=\"async\" src=\"https:\/\/in2trade.net\/wp-content\/uploads\/2024\/09\/Cultural-and-Natural-Richness.jpeg\"\n                                alt=\"\"\n                                loading=\"lazy\"\n                            \/>\n                            <span class=\"dipi_masonry_gallery_overlay background\"><\/span>\n                <span class=\"dipi_masonry_gallery_overlay background-hover\"><\/span>\n                <span class=\"dipi_masonry_gallery_overlay content\" style=\"transition-duration: 0ms;\">\n                    <div class=\"et-pb-icon  et_pb_inline_icon dipi-mansonry-gallery-icon animated fadeInUp\" data-icon=\"&#x55;\"><\/div>\n                    \n                    <div class=\"dipi-mansonry-gallery-caption animated fadeInUp\">\n                        Cultural and Natural Richness\n                    <\/div>\n                <\/span>\n                        <\/div>\n                    \n                <\/div><div class=\"grid-item et_pb_gallery_image \">\n                       \n                        <div class=\"img-container dipi-mg-animation dipi-mg-none\" href=\"https:\/\/in2trade.net\/wp-content\/uploads\/2024\/09\/ffective-personal-career-development.jpeg\" data-caption='Effective Personal Career Development Training'>\n                            <img decoding=\"async\" src=\"https:\/\/in2trade.net\/wp-content\/uploads\/2024\/09\/ffective-personal-career-development.jpeg\"\n                                alt=\"\"\n                                loading=\"lazy\"\n                            \/>\n                            <span class=\"dipi_masonry_gallery_overlay background\"><\/span>\n                <span class=\"dipi_masonry_gallery_overlay background-hover\"><\/span>\n                <span class=\"dipi_masonry_gallery_overlay content\" style=\"transition-duration: 0ms;\">\n                    <div class=\"et-pb-icon  et_pb_inline_icon dipi-mansonry-gallery-icon animated fadeInUp\" data-icon=\"&#x55;\"><\/div>\n                    \n                    <div class=\"dipi-mansonry-gallery-caption animated fadeInUp\">\n                        Effective Personal Career Development Training\n                    <\/div>\n                <\/span>\n                        <\/div>\n                    \n                <\/div><div class=\"grid-item et_pb_gallery_image \">\n                       \n                        <div class=\"img-container dipi-mg-animation dipi-mg-none\" href=\"https:\/\/in2trade.net\/wp-content\/uploads\/2024\/09\/In2Trade-Piknik.jpg\" data-caption='In2Trade Picnic'>\n                            <img decoding=\"async\" src=\"https:\/\/in2trade.net\/wp-content\/uploads\/2024\/09\/In2Trade-Piknik.jpg\"\n                                alt=\"\"\n                                loading=\"lazy\"\n                            \/>\n                            <span class=\"dipi_masonry_gallery_overlay background\"><\/span>\n                <span class=\"dipi_masonry_gallery_overlay background-hover\"><\/span>\n                <span class=\"dipi_masonry_gallery_overlay content\" style=\"transition-duration: 0ms;\">\n                    <div class=\"et-pb-icon  et_pb_inline_icon dipi-mansonry-gallery-icon animated fadeInUp\" data-icon=\"&#x55;\"><\/div>\n                    \n                    <div class=\"dipi-mansonry-gallery-caption animated fadeInUp\">\n                        In2Trade Picnic\n                    <\/div>\n                <\/span>\n                        <\/div>\n                    \n                <\/div><div class=\"grid-item et_pb_gallery_image \">\n                       \n                        <div class=\"img-container dipi-mg-animation dipi-mg-none\" href=\"https:\/\/in2trade.net\/wp-content\/uploads\/2024\/09\/ISM-FAIR.jpg\" data-caption='The International Confectionery and Snack Industry Fair (ISM)'>\n                            <img decoding=\"async\" src=\"https:\/\/in2trade.net\/wp-content\/uploads\/2024\/09\/ISM-FAIR.jpg\"\n                                alt=\"\"\n                                loading=\"lazy\"\n                            \/>\n                            <span class=\"dipi_masonry_gallery_overlay background\"><\/span>\n                <span class=\"dipi_masonry_gallery_overlay background-hover\"><\/span>\n                <span class=\"dipi_masonry_gallery_overlay content\" style=\"transition-duration: 0ms;\">\n                    <div class=\"et-pb-icon  et_pb_inline_icon dipi-mansonry-gallery-icon animated fadeInUp\" data-icon=\"&#x55;\"><\/div>\n                    \n                    <div class=\"dipi-mansonry-gallery-caption animated fadeInUp\">\n                        The International Confectionery and Snack Industry Fair (ISM)\n                    <\/div>\n                <\/span>\n                        <\/div>\n                    \n                <\/div><div class=\"grid-item et_pb_gallery_image \">\n                       \n                        <div class=\"img-container dipi-mg-animation dipi-mg-none\" href=\"https:\/\/in2trade.net\/wp-content\/uploads\/2024\/09\/Its-Blue-Day.jpeg\" data-caption='Blue Day Event'>\n                            <img decoding=\"async\" src=\"https:\/\/in2trade.net\/wp-content\/uploads\/2024\/09\/Its-Blue-Day.jpeg\"\n                                alt=\"\"\n                                loading=\"lazy\"\n                            \/>\n                            <span class=\"dipi_masonry_gallery_overlay background\"><\/span>\n                <span class=\"dipi_masonry_gallery_overlay background-hover\"><\/span>\n                <span class=\"dipi_masonry_gallery_overlay content\" style=\"transition-duration: 0ms;\">\n                    <div class=\"et-pb-icon  et_pb_inline_icon dipi-mansonry-gallery-icon animated fadeInUp\" data-icon=\"&#x55;\"><\/div>\n                    \n                    <div class=\"dipi-mansonry-gallery-caption animated fadeInUp\">\n                        Blue Day Event\n                    <\/div>\n                <\/span>\n                        <\/div>\n                    \n                <\/div><div class=\"grid-item et_pb_gallery_image \">\n                       \n                        <div class=\"img-container dipi-mg-animation dipi-mg-none\" href=\"https:\/\/in2trade.net\/wp-content\/uploads\/2024\/09\/Kokteyl.jpeg\" data-caption='Cocktail Workshop'>\n                            <img decoding=\"async\" src=\"https:\/\/in2trade.net\/wp-content\/uploads\/2024\/09\/Kokteyl.jpeg\"\n                                alt=\"\"\n                                loading=\"lazy\"\n                            \/>\n                            <span class=\"dipi_masonry_gallery_overlay background\"><\/span>\n                <span class=\"dipi_masonry_gallery_overlay background-hover\"><\/span>\n                <span class=\"dipi_masonry_gallery_overlay content\" style=\"transition-duration: 0ms;\">\n                    <div class=\"et-pb-icon  et_pb_inline_icon dipi-mansonry-gallery-icon animated fadeInUp\" data-icon=\"&#x55;\"><\/div>\n                    \n                    <div class=\"dipi-mansonry-gallery-caption animated fadeInUp\">\n                        Cocktail Workshop\n                    <\/div>\n                <\/span>\n                        <\/div>\n                    \n                <\/div><div class=\"grid-item et_pb_gallery_image \">\n                       \n                        <div class=\"img-container dipi-mg-animation dipi-mg-none\" href=\"https:\/\/in2trade.net\/wp-content\/uploads\/2024\/09\/Kriz-yonetimi-egitimi.jpg\" data-caption='Crisis Management Training'>\n                            <img decoding=\"async\" src=\"https:\/\/in2trade.net\/wp-content\/uploads\/2024\/09\/Kriz-yonetimi-egitimi.jpg\"\n                                alt=\"\"\n                                loading=\"lazy\"\n                            \/>\n                            <span class=\"dipi_masonry_gallery_overlay background\"><\/span>\n                <span class=\"dipi_masonry_gallery_overlay background-hover\"><\/span>\n                <span class=\"dipi_masonry_gallery_overlay content\" style=\"transition-duration: 0ms;\">\n                    <div class=\"et-pb-icon  et_pb_inline_icon dipi-mansonry-gallery-icon animated fadeInUp\" data-icon=\"&#x55;\"><\/div>\n                    \n                    <div class=\"dipi-mansonry-gallery-caption animated fadeInUp\">\n                        Crisis Management Training\n                    <\/div>\n                <\/span>\n                        <\/div>\n                    \n                <\/div><div class=\"grid-item et_pb_gallery_image \">\n                       \n                        <div class=\"img-container dipi-mg-animation dipi-mg-none\" href=\"https:\/\/in2trade.net\/wp-content\/uploads\/2024\/09\/kurumsal-sefler-yarisiyor-etkinligi.jpeg\" data-caption='Corporate Chefs&#039; Contest'>\n                            <img decoding=\"async\" src=\"https:\/\/in2trade.net\/wp-content\/uploads\/2024\/09\/kurumsal-sefler-yarisiyor-etkinligi.jpeg\"\n                                alt=\"\"\n                                loading=\"lazy\"\n                            \/>\n                            <span class=\"dipi_masonry_gallery_overlay background\"><\/span>\n                <span class=\"dipi_masonry_gallery_overlay background-hover\"><\/span>\n                <span class=\"dipi_masonry_gallery_overlay content\" style=\"transition-duration: 0ms;\">\n                    <div class=\"et-pb-icon  et_pb_inline_icon dipi-mansonry-gallery-icon animated fadeInUp\" data-icon=\"&#x55;\"><\/div>\n                    \n                    <div class=\"dipi-mansonry-gallery-caption animated fadeInUp\">\n                        Corporate Chefs' Contest\n                    <\/div>\n                <\/span>\n                        <\/div>\n                    \n                <\/div><div class=\"grid-item et_pb_gallery_image \">\n                       \n                        <div class=\"img-container dipi-mg-animation dipi-mg-none\" href=\"https:\/\/in2trade.net\/wp-content\/uploads\/2024\/09\/Mobbing.jpeg\" data-caption='Mobbing Prevention Training Certificate'>\n                            <img decoding=\"async\" src=\"https:\/\/in2trade.net\/wp-content\/uploads\/2024\/09\/Mobbing.jpeg\"\n                                alt=\"\"\n                                loading=\"lazy\"\n                            \/>\n                            <span class=\"dipi_masonry_gallery_overlay background\"><\/span>\n                <span class=\"dipi_masonry_gallery_overlay background-hover\"><\/span>\n                <span class=\"dipi_masonry_gallery_overlay content\" style=\"transition-duration: 0ms;\">\n                    <div class=\"et-pb-icon  et_pb_inline_icon dipi-mansonry-gallery-icon animated fadeInUp\" data-icon=\"&#x55;\"><\/div>\n                    \n                    <div class=\"dipi-mansonry-gallery-caption animated fadeInUp\">\n                        Mobbing Prevention Training Certificate\n                    <\/div>\n                <\/span>\n                        <\/div>\n                    \n                <\/div><div class=\"grid-item et_pb_gallery_image \">\n                       \n                        <div class=\"img-container dipi-mg-animation dipi-mg-none\" href=\"https:\/\/in2trade.net\/wp-content\/uploads\/2024\/09\/Tonys-Valentines-Day-Event1.jpeg\" data-caption='Tony&#039;s Valentine&#039;s Day Event'>\n                            <img decoding=\"async\" src=\"https:\/\/in2trade.net\/wp-content\/uploads\/2024\/09\/Tonys-Valentines-Day-Event1.jpeg\"\n                                alt=\"\"\n                                loading=\"lazy\"\n                            \/>\n                            <span class=\"dipi_masonry_gallery_overlay background\"><\/span>\n                <span class=\"dipi_masonry_gallery_overlay background-hover\"><\/span>\n                <span class=\"dipi_masonry_gallery_overlay content\" style=\"transition-duration: 0ms;\">\n                    <div class=\"et-pb-icon  et_pb_inline_icon dipi-mansonry-gallery-icon animated fadeInUp\" data-icon=\"&#x55;\"><\/div>\n                    \n                    <div class=\"dipi-mansonry-gallery-caption animated fadeInUp\">\n                        Tony's Valentine's Day Event\n                    <\/div>\n                <\/span>\n                        <\/div>\n                    \n                <\/div><div class=\"grid-item et_pb_gallery_image \">\n                       \n                        <div class=\"img-container dipi-mg-animation dipi-mg-none\" href=\"https:\/\/in2trade.net\/wp-content\/uploads\/2024\/09\/tonys-dinner.jpeg\" data-caption='Tony&#039;s Chocolonely &amp; Friends Dinner'>\n                            <img decoding=\"async\" src=\"https:\/\/in2trade.net\/wp-content\/uploads\/2024\/09\/tonys-dinner.jpeg\"\n                                alt=\"\"\n                                loading=\"lazy\"\n                            \/>\n                            <span class=\"dipi_masonry_gallery_overlay background\"><\/span>\n                <span class=\"dipi_masonry_gallery_overlay background-hover\"><\/span>\n                <span class=\"dipi_masonry_gallery_overlay content\" style=\"transition-duration: 0ms;\">\n                    <div class=\"et-pb-icon  et_pb_inline_icon dipi-mansonry-gallery-icon animated fadeInUp\" data-icon=\"&#x55;\"><\/div>\n                    \n                    <div class=\"dipi-mansonry-gallery-caption animated fadeInUp\">\n                        Tony's Chocolonely & Friends Dinner\n                    <\/div>\n                <\/span>\n                        <\/div>\n                    \n                <\/div><div class=\"grid-item et_pb_gallery_image \">\n                       \n                        <div class=\"img-container dipi-mg-animation dipi-mg-none\" href=\"https:\/\/in2trade.net\/wp-content\/uploads\/2024\/09\/World-Animal-Day.jpeg\" data-caption='World Animal Day'>\n                            <img decoding=\"async\" src=\"https:\/\/in2trade.net\/wp-content\/uploads\/2024\/09\/World-Animal-Day.jpeg\"\n                                alt=\"\"\n                                loading=\"lazy\"\n                            \/>\n                            <span class=\"dipi_masonry_gallery_overlay background\"><\/span>\n                <span class=\"dipi_masonry_gallery_overlay background-hover\"><\/span>\n                <span class=\"dipi_masonry_gallery_overlay content\" style=\"transition-duration: 0ms;\">\n                    <div class=\"et-pb-icon  et_pb_inline_icon dipi-mansonry-gallery-icon animated fadeInUp\" data-icon=\"&#x55;\"><\/div>\n                    \n                    <div class=\"dipi-mansonry-gallery-caption animated fadeInUp\">\n                        World Animal Day\n                    <\/div>\n                <\/span>\n                        <\/div>\n                    \n                <\/div><div class=\"grid-item et_pb_gallery_image \">\n                       \n                        <div class=\"img-container dipi-mg-animation dipi-mg-none\" href=\"https:\/\/in2trade.net\/wp-content\/uploads\/2024\/09\/wset-1seviye-sarap-yeterlilik-sinavi.jpeg\" data-caption='WSET Level 1 Wine Qualification Program'>\n                            <img decoding=\"async\" src=\"https:\/\/in2trade.net\/wp-content\/uploads\/2024\/09\/wset-1seviye-sarap-yeterlilik-sinavi.jpeg\"\n                                alt=\"\"\n                                loading=\"lazy\"\n                            \/>\n                            <span class=\"dipi_masonry_gallery_overlay background\"><\/span>\n                <span class=\"dipi_masonry_gallery_overlay background-hover\"><\/span>\n                <span class=\"dipi_masonry_gallery_overlay content\" style=\"transition-duration: 0ms;\">\n                    <div class=\"et-pb-icon  et_pb_inline_icon dipi-mansonry-gallery-icon animated fadeInUp\" data-icon=\"&#x55;\"><\/div>\n                    \n                    <div class=\"dipi-mansonry-gallery-caption animated fadeInUp\">\n                        WSET Level 1 Wine Qualification Program\n                    <\/div>\n                <\/span>\n                        <\/div>\n                    \n                <\/div>\n                <\/div>\n                \n            <\/div>\n            \n            <\/div>\n             \n\t\t\t\t<\/div>\n\t\t\t<\/div>\n","protected":false},"author":1,"featured_media":0,"parent":0,"menu_order":0,"comment_status":"closed","ping_status":"closed","template":"","meta":{"_et_pb_use_builder":"on","_et_pb_old_content":"","_et_gb_content_width":"","_monsterinsights_skip_tracking":false,"_monsterinsights_sitenote_active":false,"_monsterinsights_sitenote_note":"","_monsterinsights_sitenote_category":0,"footnotes":""},"dipi_cpt_category":[],"class_list":["post-25990714","page","type-page","status-publish","hentry"],"aioseo_notices":[],"_links":{"self":[{"href":"https:\/\/in2trade.net\/tr\/wp-json\/wp\/v2\/pages\/25990714","targetHints":{"allow":["GET"]}}],"collection":[{"href":"https:\/\/in2trade.net\/tr\/wp-json\/wp\/v2\/pages"}],"about":[{"href":"https:\/\/in2trade.net\/tr\/wp-json\/wp\/v2\/types\/page"}],"author":[{"embeddable":true,"href":"https:\/\/in2trade.net\/tr\/wp-json\/wp\/v2\/users\/1"}],"replies":[{"embeddable":true,"href":"https:\/\/in2trade.net\/tr\/wp-json\/wp\/v2\/comments?post=25990714"}],"version-history":[{"count":3,"href":"https:\/\/in2trade.net\/tr\/wp-json\/wp\/v2\/pages\/25990714\/revisions"}],"predecessor-version":[{"id":25990717,"href":"https:\/\/in2trade.net\/tr\/wp-json\/wp\/v2\/pages\/25990714\/revisions\/25990717"}],"wp:attachment":[{"href":"https:\/\/in2trade.net\/tr\/wp-json\/wp\/v2\/media?parent=25990714"}],"wp:term":[{"taxonomy":"dipi_cpt_category","embeddable":true,"href":"https:\/\/in2trade.net\/tr\/wp-json\/wp\/v2\/dipi_cpt_category?post=25990714"}],"curies":[{"name":"wp","href":"https:\/\/api.w.org\/{rel}","templated":true}]}}